{"id":3602,"date":"2025-02-17T03:31:10","date_gmt":"2025-02-17T02:31:10","guid":{"rendered":"https:\/\/toppoligrafia.pl\/?page_id=3602"},"modified":"2025-03-18T14:45:07","modified_gmt":"2025-03-18T13:45:07","slug":"reklama-legnica","status":"publish","type":"page","link":"https:\/\/toppoligrafia.pl\/en\/reklama-legnica\/","title":{"rendered":"Reklama Legnica"},"content":{"rendered":"<div data-elementor-type=\"wp-page\" data-elementor-id=\"3602\" class=\"elementor elementor-3602\" data-elementor-post-type=\"page\">\n\t\t\t\t<div class=\"elementor-element elementor-element-26a2e71 e-flex e-con-boxed e-con e-parent\" data-id=\"26a2e71\" data-element_type=\"container\" data-e-type=\"container\" data-settings=\"{&quot;jet_parallax_layout_list&quot;:[]}\">\n\t\t\t\t\t<div class=\"e-con-inner\">\n\t\t<div class=\"elementor-element elementor-element-91a2d76 e-con-full e-flex e-con e-child\" data-id=\"91a2d76\" data-element_type=\"container\" data-e-type=\"container\" data-settings=\"{&quot;jet_parallax_layout_list&quot;:[]}\">\n\t\t\t\t<div class=\"elementor-element elementor-element-5f2c5bd elementor-widget elementor-widget-image\" data-id=\"5f2c5bd\" data-element_type=\"widget\" data-e-type=\"widget\" data-widget_type=\"image.default\">\n\t\t\t\t<div class=\"elementor-widget-container\">\n\t\t\t\t\t\t\t\t\t\t\t\t\t\t\t<img decoding=\"async\" src=\"https:\/\/toppoligrafia.pl\/wp-content\/uploads\/elementor\/thumbs\/wall-qtmnyag0hfxmtkztfyajd6slppph8y2cexsd98ozpc.jpg\" title=\"wall\" alt=\"wall\" loading=\"lazy\" \/>\t\t\t\t\t\t\t\t\t\t\t\t\t\t\t<\/div>\n\t\t\t\t<\/div>\n\t\t\t\t<\/div>\n\t\t<div class=\"elementor-element elementor-element-9c00a6a e-con-full e-flex e-con e-child\" data-id=\"9c00a6a\" data-element_type=\"container\" data-e-type=\"container\" data-settings=\"{&quot;jet_parallax_layout_list&quot;:[]}\">\n\t\t\t\t<div class=\"elementor-element elementor-element-eed2845 elementor-widget elementor-widget-heading\" data-id=\"eed2845\" data-element_type=\"widget\" data-e-type=\"widget\" data-widget_type=\"heading.default\">\n\t\t\t\t<div class=\"elementor-widget-container\">\n\t\t\t\t\t<h2 class=\"elementor-heading-title elementor-size-default\">Producent Reklamy Legnica<\/h2>\t\t\t\t<\/div>\n\t\t\t\t<\/div>\n\t\t\t\t<div class=\"elementor-element elementor-element-80f2f5e elementor-widget elementor-widget-text-editor\" data-id=\"80f2f5e\" data-element_type=\"widget\" data-e-type=\"widget\" data-widget_type=\"text-editor.default\">\n\t\t\t\t<div class=\"elementor-widget-container\">\n\t\t\t\t\t\t\t\t\t<p>Szukasz solidnego partnera do realizacji swoich projekt\u00f3w reklamowych w Legnicy? \u015awietnie trafi\u0142e\u015b! Dzia\u0142amy na terenie Legnicy i dostarczamy najwy\u017cszej jako\u015bci materia\u0142y reklamowe dla lokalnych firm i przedsi\u0119biorstw. Banery wielkoformatowe, efektowne kasetony, oklejanie pojazd\u00f3w, reklama na budynkach, wizyt\u00f3wki, ulotki czy systemy wystawiennicze \u2013 mamy to wszystko i jeszcze wi\u0119cej! Nasz nowoczesny park maszynowy i lata do\u015bwiadczenia gwarantuj\u0105 jako\u015b\u0107, kt\u00f3ra przyci\u0105ga uwag\u0119 i sprawia, \u017ce Twoja reklama w Legnicy naprawd\u0119 dzia\u0142a.<\/p><p>Ka\u017cdy biznes potrzebuje skutecznej reklamy, aby wyr\u00f3\u017cni\u0107 si\u0119 na tle konkurencji. W Legnicy wspieramy zar\u00f3wno du\u017ce przedsi\u0119biorstwa, jak i lokalnych us\u0142ugodawc\u00f3w, dostarczaj\u0105c im rozwi\u0105zania dopasowane do ich indywidualnych potrzeb. Niezale\u017cnie od tego, czy zale\u017cy Ci na kr\u00f3tkoterminowej kampanii promocyjnej, czy d\u0142ugofalowej strategii budowania marki, mamy narz\u0119dzia i do\u015bwiadczenie, by pom\u00f3c Ci osi\u0105gn\u0105\u0107 sukces.<\/p>\t\t\t\t\t\t\t\t<\/div>\n\t\t\t\t<\/div>\n\t\t\t\t<\/div>\n\t\t\t\t\t<\/div>\n\t\t\t\t<\/div>\n\t\t<div class=\"elementor-element elementor-element-689d5a0 e-flex e-con-boxed e-con e-parent\" data-id=\"689d5a0\" data-element_type=\"container\" data-e-type=\"container\" data-settings=\"{&quot;jet_parallax_layout_list&quot;:[]}\">\n\t\t\t\t\t<div class=\"e-con-inner\">\n\t\t<div class=\"elementor-element elementor-element-12cc372 e-con-full e-flex e-con e-child\" data-id=\"12cc372\" data-element_type=\"container\" data-e-type=\"container\" data-settings=\"{&quot;jet_parallax_layout_list&quot;:[]}\">\n\t\t\t\t<div class=\"elementor-element elementor-element-6b70a22 elementor-widget elementor-widget-heading\" data-id=\"6b70a22\" data-element_type=\"widget\" data-e-type=\"widget\" data-widget_type=\"heading.default\">\n\t\t\t\t<div class=\"elementor-widget-container\">\n\t\t\t\t\t<h2 class=\"elementor-heading-title elementor-size-default\">Co mo\u017cemy dla Ciebie zrobi\u0107 w Legnicy?<\/h2>\t\t\t\t<\/div>\n\t\t\t\t<\/div>\n\t\t\t\t<div class=\"elementor-element elementor-element-dcdbdf4 elementor-widget elementor-widget-text-editor\" data-id=\"dcdbdf4\" data-element_type=\"widget\" data-e-type=\"widget\" data-widget_type=\"text-editor.default\">\n\t\t\t\t<div class=\"elementor-widget-container\">\n\t\t\t\t\t\t\t\t\t<p>Druk wielkoformatowy, banery reklamowe, billboardy, plakaty, naklejki, kasetony \u015bwietlne, roll-upy, reklama na budynkach, oznakowanie dla biur i przemys\u0142u, ulotki, wizyt\u00f3wki, katalogi, teczki, notesy, papier firmowy, kalendarze, odzie\u017c reklamowa, gad\u017cety i profesjonalne oklejanie pojazd\u00f3w. Je\u015bli my\u015blisz o skutecznej reklamie w Legnicy \u2013 my to realizujemy!<\/p><p>Chcesz zwi\u0119kszy\u0107 swoj\u0105 widoczno\u015b\u0107 w przestrzeni miejskiej? A mo\u017ce szukasz eleganckich i profesjonalnych materia\u0142\u00f3w reklamowych na targi lub eventy? Nasza oferta obejmuje pe\u0142en zakres us\u0142ug poligraficznych i reklamowych, dostosowanych do Twoich potrzeb. Drukujemy, projektujemy i doradzamy \u2013 wszystko po to, by Twoja reklama dzia\u0142a\u0142a skutecznie i przyci\u0105ga\u0142a klient\u00f3w.<\/p>\t\t\t\t\t\t\t\t<\/div>\n\t\t\t\t<\/div>\n\t\t\t\t<div class=\"elementor-element elementor-element-12453b4 elementor-widget elementor-widget-button\" data-id=\"12453b4\" data-element_type=\"widget\" data-e-type=\"widget\" data-widget_type=\"button.default\">\n\t\t\t\t<div class=\"elementor-widget-container\">\n\t\t\t\t\t\t\t\t\t<div class=\"elementor-button-wrapper\">\n\t\t\t\t\t<a class=\"elementor-button elementor-button-link elementor-size-sm\" href=\"#elementor-action%3Aaction%3Dpopup%3Aopen%26settings%3DeyJpZCI6IjUwOCIsInRvZ2dsZSI6ZmFsc2V9\">\n\t\t\t\t\t\t<span class=\"elementor-button-content-wrapper\">\n\t\t\t\t\t\t\t\t\t<span class=\"elementor-button-text\">Let people see your brand<\/span>\n\t\t\t\t\t<\/span>\n\t\t\t\t\t<\/a>\n\t\t\t\t<\/div>\n\t\t\t\t\t\t\t\t<\/div>\n\t\t\t\t<\/div>\n\t\t\t\t<\/div>\n\t\t<div class=\"elementor-element elementor-element-23ac9dd e-con-full e-flex e-con e-child\" data-id=\"23ac9dd\" data-element_type=\"container\" data-e-type=\"container\" data-settings=\"{&quot;jet_parallax_layout_list&quot;:[]}\">\n\t\t\t\t<div class=\"elementor-element elementor-element-c3a275e elementor-widget elementor-widget-google_maps\" data-id=\"c3a275e\" data-element_type=\"widget\" data-e-type=\"widget\" data-widget_type=\"google_maps.default\">\n\t\t\t\t<div class=\"elementor-widget-container\">\n\t\t\t\t\t\t\t<div class=\"elementor-custom-embed\">\n\t\t\t<iframe loading=\"lazy\"\n\t\t\t\t\tsrc=\"https:\/\/maps.google.com\/maps?q=Legnica&#038;t=m&#038;z=11&#038;output=embed&#038;iwloc=near\"\n\t\t\t\t\ttitle=\"Legnica\"\n\t\t\t\t\taria-label=\"Legnica\"\n\t\t\t><\/iframe>\n\t\t<\/div>\n\t\t\t\t\t\t<\/div>\n\t\t\t\t<\/div>\n\t\t\t\t<\/div>\n\t\t\t\t\t<\/div>\n\t\t\t\t<\/div>\n\t\t<div class=\"elementor-element elementor-element-03d4f9b e-flex e-con-boxed e-con e-parent\" data-id=\"03d4f9b\" data-element_type=\"container\" data-e-type=\"container\" data-settings=\"{&quot;jet_parallax_layout_list&quot;:[]}\">\n\t\t\t\t\t<div class=\"e-con-inner\">\n\t\t<div class=\"elementor-element elementor-element-9330631 e-con-full e-flex e-con e-child\" data-id=\"9330631\" data-element_type=\"container\" data-e-type=\"container\" data-settings=\"{&quot;jet_parallax_layout_list&quot;:[]}\">\n\t\t\t\t<div class=\"elementor-element elementor-element-4ab355b elementor-widget elementor-widget-heading\" data-id=\"4ab355b\" data-element_type=\"widget\" data-e-type=\"widget\" data-widget_type=\"heading.default\">\n\t\t\t\t<div class=\"elementor-widget-container\">\n\t\t\t\t\t<h2 class=\"elementor-heading-title elementor-size-default\">Dlaczego warto wybra\u0107 nas?<\/h2>\t\t\t\t<\/div>\n\t\t\t\t<\/div>\n\t\t\t\t<div class=\"elementor-element elementor-element-894f3ca elementor-widget elementor-widget-text-editor\" data-id=\"894f3ca\" data-element_type=\"widget\" data-e-type=\"widget\" data-widget_type=\"text-editor.default\">\n\t\t\t\t<div class=\"elementor-widget-container\">\n\t\t\t\t\t\t\t\t\t<p>Wiemy, jak przyci\u0105gn\u0105\u0107 wzrok i sprawi\u0107, \u017ce Twoja firma w Legnicy zostanie zapami\u0119tana. Mamy wieloletnie do\u015bwiadczenie, nowoczesne technologie i indywidualne podej\u015bcie do ka\u017cdego zlecenia. Jeste\u015bmy terminowi, oferujemy konkurencyjne ceny i gotowi jeste\u015bmy podj\u0105\u0107 ka\u017cde wyzwanie, aby Twoja reklama by\u0142a skuteczna i widoczna.<\/p><p>Nasze materia\u0142y reklamowe wyr\u00f3\u017cniaj\u0105 si\u0119 nie tylko jako\u015bci\u0105, ale tak\u017ce kreatywno\u015bci\u0105. Pomagamy naszym klientom budowa\u0107 sp\u00f3jny i rozpoznawalny wizerunek, dzi\u0119ki czemu ich marki staj\u0105 si\u0119 silniejsze i bardziej rozpoznawalne na rynku. Nasz zesp\u00f3\u0142 doradzi Ci, jakie rozwi\u0105zania b\u0119d\u0105 najlepsze dla Twojego biznesu, aby\u015b m\u00f3g\u0142 osi\u0105gn\u0105\u0107 maksymalne rezultaty.<\/p>\t\t\t\t\t\t\t\t<\/div>\n\t\t\t\t<\/div>\n\t\t\t\t<\/div>\n\t\t<div class=\"elementor-element elementor-element-8fe4bc9 e-con-full e-flex e-con e-child\" data-id=\"8fe4bc9\" data-element_type=\"container\" data-e-type=\"container\" data-settings=\"{&quot;jet_parallax_layout_list&quot;:[]}\">\n\t\t\t\t<div class=\"elementor-element elementor-element-dd4655b elementor-widget elementor-widget-heading\" data-id=\"dd4655b\" data-element_type=\"widget\" data-e-type=\"widget\" data-widget_type=\"heading.default\">\n\t\t\t\t<div class=\"elementor-widget-container\">\n\t\t\t\t\t<h2 class=\"elementor-heading-title elementor-size-default\">Skontaktuj si\u0119 z nami ju\u017c dzi\u015b<\/h2>\t\t\t\t<\/div>\n\t\t\t\t<\/div>\n\t\t\t\t<div class=\"elementor-element elementor-element-42d1ba2 elementor-widget elementor-widget-text-editor\" data-id=\"42d1ba2\" data-element_type=\"widget\" data-e-type=\"widget\" data-widget_type=\"text-editor.default\">\n\t\t\t\t<div class=\"elementor-widget-container\">\n\t\t\t\t\t\t\t\t\t<p>Je\u015bli chcesz dowiedzie\u0107 si\u0119 wi\u0119cej, zapyta\u0107 o wycen\u0119 lub po prostu porozmawia\u0107 o najlepszych rozwi\u0105zaniach reklamowych w Legnicy, jeste\u015bmy do Twojej dyspozycji. Zr\u00f3bmy razem co\u015b wyj\u0105tkowego, co wyr\u00f3\u017cni Twoj\u0105 firm\u0119 na rynku!<\/p><p>Skontaktuj si\u0119 z nami telefonicznie, mailowo lub odwied\u017a nasz\u0105 siedzib\u0119 \u2013 ch\u0119tnie odpowiemy na wszystkie Twoje pytania i zaproponujemy najlepsze rozwi\u0105zania dostosowane do Twoich potrzeb. Twoja reklama w Legnicy mo\u017ce by\u0107 skuteczna, efektowna i przyci\u0105ga\u0107 nowych klient\u00f3w \u2013 wystarczy, \u017ce nam zaufasz!<\/p>\t\t\t\t\t\t\t\t<\/div>\n\t\t\t\t<\/div>\n\t\t\t\t<\/div>\n\t\t\t\t\t<\/div>\n\t\t\t\t<\/div>\n\t\t\t\t<\/div>","protected":false},"excerpt":{"rendered":"<p>Producent Reklamy Legnica Szukasz solidnego partnera do realizacji swoich projekt\u00f3w reklamowych w Legnicy? \u015awietnie trafi\u0142e\u015b! Dzia\u0142amy na terenie Legnicy i dostarczamy najwy\u017cszej jako\u015bci materia\u0142y reklamowe dla lokalnych firm i przedsi\u0119biorstw. Banery wielkoformatowe, efektowne kasetony, oklejanie pojazd\u00f3w, reklama na budynkach, wizyt\u00f3wki, ulotki czy systemy wystawiennicze \u2013 mamy to wszystko i jeszcze wi\u0119cej! Nasz nowoczesny park maszynowy [&hellip;]<\/p>","protected":false},"author":1,"featured_media":0,"parent":0,"menu_order":0,"comment_status":"closed","ping_status":"closed","template":"","meta":{"_acf_changed":false,"footnotes":""},"class_list":["post-3602","page","type-page","status-publish","hentry"],"acf":[],"yoast_head":"<!-- This site is optimized with the Yoast SEO plugin v26.9 - https:\/\/yoast.com\/product\/yoast-seo-wordpress\/ -->\n<title>Reklama Legnica - Top Poligrafia | Producenci reklamy<\/title>\n<meta name=\"robots\" content=\"index, follow, max-snippet:-1, max-image-preview:large, max-video-preview:-1\" \/>\n<link rel=\"canonical\" href=\"https:\/\/toppoligrafia.pl\/en\/reklama-legnica\/\" \/>\n<meta property=\"og:locale\" content=\"en_US\" \/>\n<meta property=\"og:type\" content=\"article\" \/>\n<meta property=\"og:title\" content=\"Reklama Legnica - Top Poligrafia | Producenci reklamy\" \/>\n<meta property=\"og:description\" content=\"Producent Reklamy Legnica Szukasz solidnego partnera do realizacji swoich projekt\u00f3w reklamowych w Legnicy? \u015awietnie trafi\u0142e\u015b! Dzia\u0142amy na terenie Legnicy i dostarczamy najwy\u017cszej jako\u015bci materia\u0142y reklamowe dla lokalnych firm i przedsi\u0119biorstw. Banery wielkoformatowe, efektowne kasetony, oklejanie pojazd\u00f3w, reklama na budynkach, wizyt\u00f3wki, ulotki czy systemy wystawiennicze \u2013 mamy to wszystko i jeszcze wi\u0119cej! Nasz nowoczesny park maszynowy [&hellip;]\" \/>\n<meta property=\"og:url\" content=\"https:\/\/toppoligrafia.pl\/en\/reklama-legnica\/\" \/>\n<meta property=\"og:site_name\" content=\"Top Poligrafia | Producenci reklamy\" \/>\n<meta property=\"article:publisher\" content=\"https:\/\/www.facebook.com\/profile.php?id=100063468702806\" \/>\n<meta property=\"article:modified_time\" content=\"2025-03-18T13:45:07+00:00\" \/>\n<meta property=\"og:image\" content=\"https:\/\/toppoligrafia.pl\/wp-content\/uploads\/elementor\/thumbs\/wall-qtmnyag0hfxmtkztfyajd6slppph8y2cexsd98ozpc.jpg\" \/>\n<meta name=\"twitter:card\" content=\"summary_large_image\" \/>\n<meta name=\"twitter:label1\" content=\"Est. reading time\" \/>\n\t<meta name=\"twitter:data1\" content=\"3 minutes\" \/>\n<script type=\"application\/ld+json\" class=\"yoast-schema-graph\">{\"@context\":\"https:\/\/schema.org\",\"@graph\":[{\"@type\":\"WebPage\",\"@id\":\"https:\/\/toppoligrafia.pl\/reklama-legnica\/\",\"url\":\"https:\/\/toppoligrafia.pl\/reklama-legnica\/\",\"name\":\"Reklama Legnica - Top Poligrafia | Producenci reklamy\",\"isPartOf\":{\"@id\":\"https:\/\/toppoligrafia.pl\/#website\"},\"primaryImageOfPage\":{\"@id\":\"https:\/\/toppoligrafia.pl\/reklama-legnica\/#primaryimage\"},\"image\":{\"@id\":\"https:\/\/toppoligrafia.pl\/reklama-legnica\/#primaryimage\"},\"thumbnailUrl\":\"https:\/\/toppoligrafia.pl\/wp-content\/uploads\/elementor\/thumbs\/wall-qtmnyag0hfxmtkztfyajd6slppph8y2cexsd98ozpc.jpg\",\"datePublished\":\"2025-02-17T02:31:10+00:00\",\"dateModified\":\"2025-03-18T13:45:07+00:00\",\"breadcrumb\":{\"@id\":\"https:\/\/toppoligrafia.pl\/reklama-legnica\/#breadcrumb\"},\"inLanguage\":\"en-US\",\"potentialAction\":[{\"@type\":\"ReadAction\",\"target\":[\"https:\/\/toppoligrafia.pl\/reklama-legnica\/\"]}]},{\"@type\":\"ImageObject\",\"inLanguage\":\"en-US\",\"@id\":\"https:\/\/toppoligrafia.pl\/reklama-legnica\/#primaryimage\",\"url\":\"https:\/\/toppoligrafia.pl\/wp-content\/uploads\/elementor\/thumbs\/wall-qtmnyag0hfxmtkztfyajd6slppph8y2cexsd98ozpc.jpg\",\"contentUrl\":\"https:\/\/toppoligrafia.pl\/wp-content\/uploads\/elementor\/thumbs\/wall-qtmnyag0hfxmtkztfyajd6slppph8y2cexsd98ozpc.jpg\"},{\"@type\":\"BreadcrumbList\",\"@id\":\"https:\/\/toppoligrafia.pl\/reklama-legnica\/#breadcrumb\",\"itemListElement\":[{\"@type\":\"ListItem\",\"position\":1,\"name\":\"Strona g\u0142\u00f3wna\",\"item\":\"https:\/\/toppoligrafia.pl\/\"},{\"@type\":\"ListItem\",\"position\":2,\"name\":\"Reklama Legnica\"}]},{\"@type\":\"WebSite\",\"@id\":\"https:\/\/toppoligrafia.pl\/#website\",\"url\":\"https:\/\/toppoligrafia.pl\/\",\"name\":\"Top Poligrafia | Producenci reklamy\",\"description\":\"Wykonujemy w spos\u00f3b profesjonalny i kompleksowy powierzone nam projekty.\",\"publisher\":{\"@id\":\"https:\/\/toppoligrafia.pl\/#organization\"},\"potentialAction\":[{\"@type\":\"SearchAction\",\"target\":{\"@type\":\"EntryPoint\",\"urlTemplate\":\"https:\/\/toppoligrafia.pl\/?s={search_term_string}\"},\"query-input\":{\"@type\":\"PropertyValueSpecification\",\"valueRequired\":true,\"valueName\":\"search_term_string\"}}],\"inLanguage\":\"en-US\"},{\"@type\":\"Organization\",\"@id\":\"https:\/\/toppoligrafia.pl\/#organization\",\"name\":\"Top Poligrafia\",\"url\":\"https:\/\/toppoligrafia.pl\/\",\"logo\":{\"@type\":\"ImageObject\",\"inLanguage\":\"en-US\",\"@id\":\"https:\/\/toppoligrafia.pl\/#\/schema\/logo\/image\/\",\"url\":\"https:\/\/toppoligrafia.pl\/wp-content\/uploads\/2024\/05\/TP_Logo.png\",\"contentUrl\":\"https:\/\/toppoligrafia.pl\/wp-content\/uploads\/2024\/05\/TP_Logo.png\",\"width\":512,\"height\":380,\"caption\":\"Top Poligrafia\"},\"image\":{\"@id\":\"https:\/\/toppoligrafia.pl\/#\/schema\/logo\/image\/\"},\"sameAs\":[\"https:\/\/www.facebook.com\/profile.php?id=100063468702806\"]}]}<\/script>\n<!-- \/ Yoast SEO plugin. -->","yoast_head_json":{"title":"Reklama Legnica - Top Poligrafia | Producenci reklamy","robots":{"index":"index","follow":"follow","max-snippet":"max-snippet:-1","max-image-preview":"max-image-preview:large","max-video-preview":"max-video-preview:-1"},"canonical":"https:\/\/toppoligrafia.pl\/en\/reklama-legnica\/","og_locale":"en_US","og_type":"article","og_title":"Reklama Legnica - Top Poligrafia | Producenci reklamy","og_description":"Producent Reklamy Legnica Szukasz solidnego partnera do realizacji swoich projekt\u00f3w reklamowych w Legnicy? \u015awietnie trafi\u0142e\u015b! Dzia\u0142amy na terenie Legnicy i dostarczamy najwy\u017cszej jako\u015bci materia\u0142y reklamowe dla lokalnych firm i przedsi\u0119biorstw. Banery wielkoformatowe, efektowne kasetony, oklejanie pojazd\u00f3w, reklama na budynkach, wizyt\u00f3wki, ulotki czy systemy wystawiennicze \u2013 mamy to wszystko i jeszcze wi\u0119cej! Nasz nowoczesny park maszynowy [&hellip;]","og_url":"https:\/\/toppoligrafia.pl\/en\/reklama-legnica\/","og_site_name":"Top Poligrafia | Producenci reklamy","article_publisher":"https:\/\/www.facebook.com\/profile.php?id=100063468702806","article_modified_time":"2025-03-18T13:45:07+00:00","og_image":[{"url":"https:\/\/toppoligrafia.pl\/wp-content\/uploads\/elementor\/thumbs\/wall-qtmnyag0hfxmtkztfyajd6slppph8y2cexsd98ozpc.jpg","type":"","width":"","height":""}],"twitter_card":"summary_large_image","twitter_misc":{"Est. reading time":"3 minutes"},"schema":{"@context":"https:\/\/schema.org","@graph":[{"@type":"WebPage","@id":"https:\/\/toppoligrafia.pl\/reklama-legnica\/","url":"https:\/\/toppoligrafia.pl\/reklama-legnica\/","name":"Reklama Legnica - Top Poligrafia | Producenci reklamy","isPartOf":{"@id":"https:\/\/toppoligrafia.pl\/#website"},"primaryImageOfPage":{"@id":"https:\/\/toppoligrafia.pl\/reklama-legnica\/#primaryimage"},"image":{"@id":"https:\/\/toppoligrafia.pl\/reklama-legnica\/#primaryimage"},"thumbnailUrl":"https:\/\/toppoligrafia.pl\/wp-content\/uploads\/elementor\/thumbs\/wall-qtmnyag0hfxmtkztfyajd6slppph8y2cexsd98ozpc.jpg","datePublished":"2025-02-17T02:31:10+00:00","dateModified":"2025-03-18T13:45:07+00:00","breadcrumb":{"@id":"https:\/\/toppoligrafia.pl\/reklama-legnica\/#breadcrumb"},"inLanguage":"en-US","potentialAction":[{"@type":"ReadAction","target":["https:\/\/toppoligrafia.pl\/reklama-legnica\/"]}]},{"@type":"ImageObject","inLanguage":"en-US","@id":"https:\/\/toppoligrafia.pl\/reklama-legnica\/#primaryimage","url":"https:\/\/toppoligrafia.pl\/wp-content\/uploads\/elementor\/thumbs\/wall-qtmnyag0hfxmtkztfyajd6slppph8y2cexsd98ozpc.jpg","contentUrl":"https:\/\/toppoligrafia.pl\/wp-content\/uploads\/elementor\/thumbs\/wall-qtmnyag0hfxmtkztfyajd6slppph8y2cexsd98ozpc.jpg"},{"@type":"BreadcrumbList","@id":"https:\/\/toppoligrafia.pl\/reklama-legnica\/#breadcrumb","itemListElement":[{"@type":"ListItem","position":1,"name":"Strona g\u0142\u00f3wna","item":"https:\/\/toppoligrafia.pl\/"},{"@type":"ListItem","position":2,"name":"Reklama Legnica"}]},{"@type":"WebSite","@id":"https:\/\/toppoligrafia.pl\/#website","url":"https:\/\/toppoligrafia.pl\/","name":"Top Poligrafia | Producenci reklamy","description":"Wykonujemy w spos\u00f3b profesjonalny i kompleksowy powierzone nam projekty.","publisher":{"@id":"https:\/\/toppoligrafia.pl\/#organization"},"potentialAction":[{"@type":"SearchAction","target":{"@type":"EntryPoint","urlTemplate":"https:\/\/toppoligrafia.pl\/?s={search_term_string}"},"query-input":{"@type":"PropertyValueSpecification","valueRequired":true,"valueName":"search_term_string"}}],"inLanguage":"en-US"},{"@type":"Organization","@id":"https:\/\/toppoligrafia.pl\/#organization","name":"Top Poligrafia","url":"https:\/\/toppoligrafia.pl\/","logo":{"@type":"ImageObject","inLanguage":"en-US","@id":"https:\/\/toppoligrafia.pl\/#\/schema\/logo\/image\/","url":"https:\/\/toppoligrafia.pl\/wp-content\/uploads\/2024\/05\/TP_Logo.png","contentUrl":"https:\/\/toppoligrafia.pl\/wp-content\/uploads\/2024\/05\/TP_Logo.png","width":512,"height":380,"caption":"Top Poligrafia"},"image":{"@id":"https:\/\/toppoligrafia.pl\/#\/schema\/logo\/image\/"},"sameAs":["https:\/\/www.facebook.com\/profile.php?id=100063468702806"]}]}},"_links":{"self":[{"href":"https:\/\/toppoligrafia.pl\/en\/wp-json\/wp\/v2\/pages\/3602","targetHints":{"allow":["GET"]}}],"collection":[{"href":"https:\/\/toppoligrafia.pl\/en\/wp-json\/wp\/v2\/pages"}],"about":[{"href":"https:\/\/toppoligrafia.pl\/en\/wp-json\/wp\/v2\/types\/page"}],"author":[{"embeddable":true,"href":"https:\/\/toppoligrafia.pl\/en\/wp-json\/wp\/v2\/users\/1"}],"replies":[{"embeddable":true,"href":"https:\/\/toppoligrafia.pl\/en\/wp-json\/wp\/v2\/comments?post=3602"}],"version-history":[{"count":23,"href":"https:\/\/toppoligrafia.pl\/en\/wp-json\/wp\/v2\/pages\/3602\/revisions"}],"predecessor-version":[{"id":3676,"href":"https:\/\/toppoligrafia.pl\/en\/wp-json\/wp\/v2\/pages\/3602\/revisions\/3676"}],"wp:attachment":[{"href":"https:\/\/toppoligrafia.pl\/en\/wp-json\/wp\/v2\/media?parent=3602"}],"curies":[{"name":"wp","href":"https:\/\/api.w.org\/{rel}","templated":true}]}}